{"id":56,"date":"2021-09-30T22:12:42","date_gmt":"2021-09-30T21:12:42","guid":{"rendered":"https:\/\/webredox.net\/demo\/wp\/bauen\/light\/multi\/demo1\/?page_id=56"},"modified":"2023-10-19T10:21:03","modified_gmt":"2023-10-19T09:21:03","slug":"azienda","status":"publish","type":"page","link":"https:\/\/valleesina.it\/en\/azienda\/","title":{"rendered":"Azienda"},"content":{"rendered":"<div class=\"wpb-content-wrapper\">[vc_row row_type=&#8221;main-section&#8221; bauen_section_layout=&#8221;section_grid&#8221; bauen_df_padding_bottom=&#8221;section-padding2&#8243;][vc_column width=&#8221;1\/2&#8243;][wr_vc_section_heading title=&#8221;L&#8217;`{`span`}` Azienda `{`\/span`}`&#8221; animate=&#8221;yes&#8221; title2=&#8221;Bauen&#8221;]Un tempo conceria di pelli, la Valle Esina compie nel 1968 la scelta di puntare sul recupero ed il riciclo di scarti industriali e si trasforma in produttore di cuoio rigenerato.<\/p>\n<p>Da quella scelta pionieristica, cresce costantemente implementando tecnologie ed impianti, e sviluppa sempre nuovi prodotti\u00a0in linea con le esigenze del mercato e della clientela, ritagliandosi un ruolo guida in Italia e all\u2019estero.<\/p>\n<p>\u00c8 pi\u00f9 recente l\u2019ingresso nel mercato del cartone fibrato, con l\u2019entrata in produzione di una linea con caratteristiche di unicit\u00e0 che consentono produzioni, quale il Tallonit, in grado di differenziarsi dalla concorrenza.<\/p>\n<p>La sfida quotidiana, e la missione, \u00e8 quella di soddisfare ed a volte anticipare le esigenze in evoluzione dei nostri clienti garantendo la qualit\u00e0 della vita dei nostri collaboratori, nel rispetto dell\u2019ambiente.[\/wr_vc_section_heading][\/vc_column][vc_column width=&#8221;1\/2&#8243;][wr_vc_section_image featyretype=&#8221;st2&#8243; animate=&#8221;yes&#8221; image=&#8221;348&#8243; title=&#8221;L&#8217;Azienda&#8221;][\/vc_column][\/vc_row][vc_row row_type=&#8221;main-section&#8221; bauen_section_layout=&#8221;section_grid&#8221; bauen_df_padding_bottom=&#8221;section-padding2&#8243;][vc_column width=&#8221;1\/2&#8243;][wr_vc_section_heading animate=&#8221;yes&#8221; title2=&#8221;Bauen&#8221;]\n<h4>La Tradizione marchigiana ovunque in Europa e nel Mondo<\/h4>\n<p style=\"font-weight: 400;\">Principali mercati Europei: Italia, Francia, Spagna, Portogallo, Olanda, Germania, Polonia, Grecia, Finlandia, Turchia.<\/p>\n<p style=\"font-weight: 400;\">Principali mercati Extraeuropei: Russia, Ucraina, Cina, Taiwan, Giappone, Malesia, India, Stati Uniti, Canada, Messico, Guatemala, Marocco, Nigeria, Libano, Siria.<\/p>\n[\/wr_vc_section_heading][\/vc_column][vc_column width=&#8221;1\/2&#8243;][vc_column_text]\n<p style=\"font-weight: 400;\"><em><strong>\u201cPi\u00f9 di un semplice fornitore\u201d<\/strong><\/em><\/p>\n<p style=\"font-weight: 400;\"><em>da 50 anni sviluppiamo i nostri prodotti\u00a0 insieme ai nostri clienti per soddisfarne le esigenze in continua evoluzione<\/em><\/p>\n[\/vc_column_text][\/vc_column][\/vc_row][vc_row row_type=&#8221;main-section&#8221; bauen_section_layout=&#8221;section_grid&#8221; bauen_df_padding_bottom=&#8221;section-padding2&#8243;][vc_column width=&#8221;1\/2&#8243;][wr_vc_section_image featyretype=&#8221;st2&#8243; animate=&#8221;yes&#8221; image=&#8221;390&#8243; title=&#8221;Cuoio Rigenerato&#8221;][\/vc_column][vc_column width=&#8221;1\/2&#8243;][wr_vc_section_heading title=&#8221;Cuoio`{`span`}` Rigenerato `{`\/span`}`&#8221; animate=&#8221;yes&#8221; title2=&#8221;Bauen&#8221;]\n<p style=\"font-weight: 400;\"><strong>\u201cNulla si crea, nulla si distrugge, tutto si trasforma\u201d<\/strong><\/p>\n<p style=\"font-weight: 400;\">Nulla come il\u00a0<b>cuoio rigenerato<\/b>\u00a0conferma il noto principio di Antoine Lavoisier; ci\u00f2 che era rifiuto diviene materia prima d\u2019eccellenza, risorsa fondamentale per l\u2019industria calzaturiera, della pelletteria, dell\u2019oggettistica, dell\u2019arredamento.<\/p>\n<p style=\"font-weight: 400;\">Il miglior sostituto del cuoio naturale \u00e8 arrivato ad eguagliarne molte delle caratteristiche intrinseche, ma a costi minori e nel rispetto dell\u2019 ambiente.<\/p>\n<p style=\"font-weight: 400;\">La costante ricerca, la maestria dei nostri specialisti e lo sviluppo tecnologico, fanno del cuoio rigenerato della Valle Esina un punto di riferimento nel settore da quasi mezzo secolo.<\/p>\n[\/wr_vc_section_heading][\/vc_column][\/vc_row][vc_row row_type=&#8221;main-section&#8221; bauen_section_layout=&#8221;section_grid&#8221; bauen_df_padding_bottom=&#8221;section-padding2&#8243;][vc_column width=&#8221;1\/2&#8243;][wr_vc_section_heading title=&#8221;Cartone`{`span`}` Fibrato`{`\/span`}`&#8221; animate=&#8221;yes&#8221; title2=&#8221;Bauen&#8221;]\n<p style=\"font-weight: 400;\">Il fibrato \u00e8 un cartone realizzato con fibre riciclate ed \u00e8 a sua volta riciclabile.<\/p>\n<p style=\"font-weight: 400;\">La decennale esperienza e la propensione all\u2019innovazione ci hanno consentito di\u00a0sviluppare prodotti di alta qualit\u00e0 attraverso l\u2019utilizzo di materie prime vergini, o provenienti da sottoprodotti di cartiera, senza far ricorso alla raccolta da macero.<\/p>\n<p style=\"font-weight: 400;\">Il nostro cartone fibrato coniuga il rispetto dell\u2019ambiente con le pi\u00f9 elevate caratteristiche fisico-meccaniche.<\/p>\n<p style=\"font-weight: 400;\">Gli impieghi principali sono nel settore calzaturiero, dove \u00e8 eccellenza assoluta nella realizzazione delle tallonette e dei sottopiede; grazie alla sua versatilit\u00e0, ed al costo contenuto, \u00e8 ad oggi utilizzato anche nei settori dell&#8217;arredamento e dell&#8217;automotive.<\/p>\n[\/wr_vc_section_heading][\/vc_column][vc_column width=&#8221;1\/2&#8243;][wr_vc_section_image featyretype=&#8221;st2&#8243; animate=&#8221;yes&#8221; image=&#8221;374&#8243; title=&#8221;Cartone Fibrato&#8221;][\/vc_column][\/vc_row]\n<\/div>","protected":false},"excerpt":{"rendered":"<p>[vc_row row_type=&#8221;main-section&#8221; bauen_section_layout=&#8221;section_grid&#8221; bauen_df_padding_bottom=&#8221;section-padding2&#8243;][vc_column width=&#8221;1\/2&#8243;][wr_vc_section_heading title=&#8221;L&#8217;`{`span`}` Azienda `{`\/span`}`&#8221; animate=&#8221;yes&#8221; title2=&#8221;Bauen&#8221;]Un tempo conceria di pelli, la Valle Esina compie nel 1968 la scelta di puntare sul recupero ed il riciclo di scarti industriali e si trasforma in produttore di cuoio rigenerato. Da quella scelta pionieristica, cresce costantemente implementando tecnologie ed impianti, e sviluppa sempre nuovi prodotti\u00a0in linea con le esigenze del&#8230;<\/p>\n","protected":false},"author":1,"featured_media":0,"parent":0,"menu_order":0,"comment_status":"closed","ping_status":"closed","template":"","meta":{"footnotes":"","_links_to":"","_links_to_target":""},"folder":[],"class_list":["post-56","page","type-page","status-publish","hentry"],"yoast_head":"<!-- This site is optimized with the Yoast SEO plugin v26.1.1 - https:\/\/yoast.com\/wordpress\/plugins\/seo\/ -->\n<title>Azienda - Valle Esina<\/title>\n<meta name=\"robots\" content=\"index, follow, max-snippet:-1, max-image-preview:large, max-video-preview:-1\" \/>\n<link rel=\"canonical\" href=\"https:\/\/valleesina.it\/en\/azienda\/\" \/>\n<meta property=\"og:locale\" content=\"en_GB\" \/>\n<meta property=\"og:locale:alternate\" content=\"it_IT\" \/>\n<meta property=\"og:type\" content=\"article\" \/>\n<meta property=\"og:title\" content=\"Azienda - Valle Esina\" \/>\n<meta property=\"og:description\" content=\"[vc_row row_type=&#8221;main-section&#8221; bauen_section_layout=&#8221;section_grid&#8221; bauen_df_padding_bottom=&#8221;section-padding2&#8243;][vc_column width=&#8221;1\/2&#8243;][wr_vc_section_heading title=&#8221;L&#8217;`{`span`}` Azienda `{`\/span`}`&#8221; animate=&#8221;yes&#8221; title2=&#8221;Bauen&#8221;]Un tempo conceria di pelli, la Valle Esina compie nel 1968 la scelta di puntare sul recupero ed il riciclo di scarti industriali e si trasforma in produttore di cuoio rigenerato. Da quella scelta pionieristica, cresce costantemente implementando tecnologie ed impianti, e sviluppa sempre nuovi prodotti\u00a0in linea con le esigenze del...\" \/>\n<meta property=\"og:url\" content=\"https:\/\/valleesina.it\/en\/azienda\/\" \/>\n<meta property=\"og:site_name\" content=\"Valle Esina\" \/>\n<meta property=\"article:modified_time\" content=\"2023-10-19T09:21:03+00:00\" \/>\n<meta name=\"twitter:card\" content=\"summary_large_image\" \/>\n<meta name=\"twitter:label1\" content=\"Estimated reading time\" \/>\n\t<meta name=\"twitter:data1\" content=\"3 minutes\" \/>\n<script type=\"application\/ld+json\" class=\"yoast-schema-graph\">{\"@context\":\"https:\/\/schema.org\",\"@graph\":[{\"@type\":\"WebPage\",\"@id\":\"https:\/\/valleesina.it\/azienda\/\",\"url\":\"https:\/\/valleesina.it\/azienda\/\",\"name\":\"Azienda - Valle Esina\",\"isPartOf\":{\"@id\":\"https:\/\/valleesina.it\/#website\"},\"datePublished\":\"2021-09-30T21:12:42+00:00\",\"dateModified\":\"2023-10-19T09:21:03+00:00\",\"breadcrumb\":{\"@id\":\"https:\/\/valleesina.it\/azienda\/#breadcrumb\"},\"inLanguage\":\"en-GB\",\"potentialAction\":[{\"@type\":\"ReadAction\",\"target\":[\"https:\/\/valleesina.it\/azienda\/\"]}]},{\"@type\":\"BreadcrumbList\",\"@id\":\"https:\/\/valleesina.it\/azienda\/#breadcrumb\",\"itemListElement\":[{\"@type\":\"ListItem\",\"position\":1,\"name\":\"Home\",\"item\":\"https:\/\/valleesina.it\/en\/\"},{\"@type\":\"ListItem\",\"position\":2,\"name\":\"Azienda\"}]},{\"@type\":\"WebSite\",\"@id\":\"https:\/\/valleesina.it\/#website\",\"url\":\"https:\/\/valleesina.it\/\",\"name\":\"Valle Esina\",\"description\":\"\",\"potentialAction\":[{\"@type\":\"SearchAction\",\"target\":{\"@type\":\"EntryPoint\",\"urlTemplate\":\"https:\/\/valleesina.it\/?s={search_term_string}\"},\"query-input\":{\"@type\":\"PropertyValueSpecification\",\"valueRequired\":true,\"valueName\":\"search_term_string\"}}],\"inLanguage\":\"en-GB\"}]}<\/script>\n<!-- \/ Yoast SEO plugin. -->","yoast_head_json":{"title":"Azienda - Valle Esina","robots":{"index":"index","follow":"follow","max-snippet":"max-snippet:-1","max-image-preview":"max-image-preview:large","max-video-preview":"max-video-preview:-1"},"canonical":"https:\/\/valleesina.it\/en\/azienda\/","og_locale":"en_GB","og_type":"article","og_title":"Azienda - Valle Esina","og_description":"[vc_row row_type=&#8221;main-section&#8221; bauen_section_layout=&#8221;section_grid&#8221; bauen_df_padding_bottom=&#8221;section-padding2&#8243;][vc_column width=&#8221;1\/2&#8243;][wr_vc_section_heading title=&#8221;L&#8217;`{`span`}` Azienda `{`\/span`}`&#8221; animate=&#8221;yes&#8221; title2=&#8221;Bauen&#8221;]Un tempo conceria di pelli, la Valle Esina compie nel 1968 la scelta di puntare sul recupero ed il riciclo di scarti industriali e si trasforma in produttore di cuoio rigenerato. Da quella scelta pionieristica, cresce costantemente implementando tecnologie ed impianti, e sviluppa sempre nuovi prodotti\u00a0in linea con le esigenze del...","og_url":"https:\/\/valleesina.it\/en\/azienda\/","og_site_name":"Valle Esina","article_modified_time":"2023-10-19T09:21:03+00:00","twitter_card":"summary_large_image","twitter_misc":{"Estimated reading time":"3 minutes"},"schema":{"@context":"https:\/\/schema.org","@graph":[{"@type":"WebPage","@id":"https:\/\/valleesina.it\/azienda\/","url":"https:\/\/valleesina.it\/azienda\/","name":"Azienda - Valle Esina","isPartOf":{"@id":"https:\/\/valleesina.it\/#website"},"datePublished":"2021-09-30T21:12:42+00:00","dateModified":"2023-10-19T09:21:03+00:00","breadcrumb":{"@id":"https:\/\/valleesina.it\/azienda\/#breadcrumb"},"inLanguage":"en-GB","potentialAction":[{"@type":"ReadAction","target":["https:\/\/valleesina.it\/azienda\/"]}]},{"@type":"BreadcrumbList","@id":"https:\/\/valleesina.it\/azienda\/#breadcrumb","itemListElement":[{"@type":"ListItem","position":1,"name":"Home","item":"https:\/\/valleesina.it\/en\/"},{"@type":"ListItem","position":2,"name":"Azienda"}]},{"@type":"WebSite","@id":"https:\/\/valleesina.it\/#website","url":"https:\/\/valleesina.it\/","name":"Valle Esina","description":"","potentialAction":[{"@type":"SearchAction","target":{"@type":"EntryPoint","urlTemplate":"https:\/\/valleesina.it\/?s={search_term_string}"},"query-input":{"@type":"PropertyValueSpecification","valueRequired":true,"valueName":"search_term_string"}}],"inLanguage":"en-GB"}]}},"_links":{"self":[{"href":"https:\/\/valleesina.it\/en\/wp-json\/wp\/v2\/pages\/56","targetHints":{"allow":["GET"]}}],"collection":[{"href":"https:\/\/valleesina.it\/en\/wp-json\/wp\/v2\/pages"}],"about":[{"href":"https:\/\/valleesina.it\/en\/wp-json\/wp\/v2\/types\/page"}],"author":[{"embeddable":true,"href":"https:\/\/valleesina.it\/en\/wp-json\/wp\/v2\/users\/1"}],"replies":[{"embeddable":true,"href":"https:\/\/valleesina.it\/en\/wp-json\/wp\/v2\/comments?post=56"}],"version-history":[{"count":8,"href":"https:\/\/valleesina.it\/en\/wp-json\/wp\/v2\/pages\/56\/revisions"}],"predecessor-version":[{"id":404,"href":"https:\/\/valleesina.it\/en\/wp-json\/wp\/v2\/pages\/56\/revisions\/404"}],"wp:attachment":[{"href":"https:\/\/valleesina.it\/en\/wp-json\/wp\/v2\/media?parent=56"}],"wp:term":[{"taxonomy":"folder","embeddable":true,"href":"https:\/\/valleesina.it\/en\/wp-json\/wp\/v2\/folder?post=56"}],"curies":[{"name":"wp","href":"https:\/\/api.w.org\/{rel}","templated":true}]}}